{"id":6114,"date":"2016-05-04T13:45:14","date_gmt":"2016-05-04T17:45:14","guid":{"rendered":"https:\/\/extension.umaine.edu\/plugged-in\/?page_id=6114"},"modified":"2024-12-09T08:35:54","modified_gmt":"2024-12-09T13:35:54","slug":"poster-transcript","status":"publish","type":"page","link":"https:\/\/extension.umaine.edu\/plugged-in\/hr\/civil-rights-toolkit\/poster-transcript\/","title":{"rendered":"And Justice for All Poster Text Transcript"},"content":{"rendered":"<h3><strong>USDA: United States Department of Agriculture<\/strong><\/h3>\n<h2><strong>And Justice for All<\/strong><\/h2>\n<p><span class=\"Apple-converted-space\">\u00a0<\/span><b>AND JUSTICE <\/b><b>FOR <\/b><b>ALL<span class=\"Apple-converted-space\">\u00a0<\/span><\/b><\/p>\n<p>In accordance with Federal law and U.S. Department of Agriculture (USDA) civil rights regulations and policies, this institution is prohibited from discriminating on the basis of race, color, national origin, sex, age, disability, and reprisal or retaliation for prior civil rights activity. (Not all prohibited bases apply to all programs.)<\/p>\n<p>Program information may be made available in languages other than English. Persons with disabilities who require alternative means of communication for program information (e.g., Braille, large print, audiotape, and American Sign Language) should contact the responsible State or local Agency that administers the program or USDA\u2019s TARGET Center at <strong>(202) 720-2600<\/strong> (voice and TTY) or contact USDA through the Federal Relay Service at <strong>(800) 877-8339<\/strong>.<\/p>\n<p>To file a program discrimination complaint, a complainant should complete a Form AD-3027, USDA Program Discrimination Complaint Form, which can be obtained online, at <a href=\"https:\/\/www.usda.gov\/sites\/default\/files\/documents\/ad-3027.pdf\">https:\/\/www.usda.gov\/sites\/default\/files\/documents\/ad-3027.pdf<\/a>, from any USDA office, by calling <strong>(866) 632-9992<\/strong>, or by writing a letter addressed to USDA. The letter must contain the complainant\u2019s name, address, telephone number, and a written description of the alleged discriminatory action in sufficient detail to inform the Assistant Secretary for Civil Rights (ASCR) about the nature and date of an alleged civil rights violation. The completed AD-3027 form or letter must be submitted to USDA by:<\/p>\n<p><b>Mail:<span class=\"Apple-converted-space\">\u00a0<\/span><\/b><\/p>\n<p>U.S. Department of Agriculture<span class=\"Apple-converted-space\"><br \/>\n<\/span>Office of the Assistant Secretary for Civil Rights 1400 Independence Avenue, SW<span class=\"Apple-converted-space\"><br \/>\n<\/span>Washington, D.C. 20250-9410; or<span class=\"Apple-converted-space\">\u00a0<\/span><\/p>\n<p><b>Fax:<span class=\"Apple-converted-space\">\u00a0<\/span><\/b><\/p>\n<p>(833) 256-1665 or (202) 690-7442;<span class=\"Apple-converted-space\">\u00a0<\/span><\/p>\n<p><b>Email:<span class=\"Apple-converted-space\">\u00a0<\/span><\/b><\/p>\n<p><a href=\"mailto:program.intake@usda.gov\">program.intake@usda.gov<\/a><\/p>\n<p>This institution is an equal opportunity provider.<span class=\"Apple-converted-space\">\u00a0<\/span><\/p>\n<p>Form AD-475-A\u2014Assisted Poster\/ Revised September 2024<\/p>\n<hr \/>\n<p>Conforme a la ley federal y las pol\u00edticas y regulaciones de derechos civiles del Departamento de Agricultura de los Estados Unidos (USDA), esta instituci\u00f3n tiene prohibido discriminar por motivos de raza, color, origen nacional, sexo, edad, discapacidad, venganza o represalia por actividades realizadas en el pasado relacionadas con los derechos civiles (no todos los principios de prohibici\u00f3n aplican a todos los programas).<\/p>\n<p>La informaci\u00f3n del programa puede estar disponible en otros idiomas adem\u00e1s del ingl\u00e9s. Las personas con discapacidades que requieran medios de comunicaci\u00f3n alternativos para obtener informaci\u00f3n sobre el programa (por ejemplo, Braille, letra agrandada, grabaci\u00f3n de audio y lenguaje de se\u00f1as americano) deben comunicarse con la agencia estatal o local responsable que administra el programa o con el TARGET Center del USDA al <strong>(202) 720-2600<\/strong> (voz y TTY) o comunicarse con el USDA a trav\u00e9s del Servicio Federal de Transmisi\u00f3n de Informaci\u00f3n al <strong>(800) 877-8339<\/strong>.<\/p>\n<p>Para presentar una queja por discriminaci\u00f3n en el programa, el reclamante debe completar un formulario AD-3027, Formulario de queja por discriminaci\u00f3n del programa del USDA, que se puede obtener en l\u00ednea, en <a href=\"https:\/\/www.usda.gov\/sites\/default\/files\/documents\/ad-3027s.pdf\">https:\/\/www.usda.gov\/sites\/default\/files\/documents\/ad-3027s.pdf<\/a> en cualquier oficina del USDA, llamando al <strong>(866) 632-9992<\/strong>, o escribiendo una carta dirigida al USDA. La carta debe contener el nombre, la direcci\u00f3n y el n\u00famero de tel\u00e9fono del reclamante, y una descripci\u00f3n escrita de la supuesta acci\u00f3n discriminatoria con suficiente detalle para informar al Subsecretario de Derechos Civiles (ASCR, por sus siglas en ingl\u00e9s) sobre la naturaleza y la fecha de la presunta violaci\u00f3n de los derechos civiles. La carta o el formulario AD-3027 completado debe enviarse al USDA por medio de:<\/p>\n<p><b>Correo postal:<span class=\"Apple-converted-space\">\u00a0<\/span><\/b><\/p>\n<p>U.S. Department of Agriculture<span class=\"Apple-converted-space\"><br \/>\n<\/span>Office of the Assistant Secretary for Civil Rights 1400 Independence Avenue, SW<span class=\"Apple-converted-space\"><br \/>\n<\/span>Washington, D.C. 20250-9410; o\u00b4<\/p>\n<p><b>Fax:<span class=\"Apple-converted-space\">\u00a0<\/span><\/b><\/p>\n<p>(833) 256-1665 o\u00b4\u00a0(202) 690-7442;<span class=\"Apple-converted-space\">\u00a0<\/span><\/p>\n<p><b>Correo electr\u00f3nico:<span class=\"Apple-converted-space\">\u00a0<\/span><\/b><\/p>\n<p><a href=\"mailto:program.intake@usda.gov\">program.intake@usda.gov<\/a><\/p>\n<p>Esta instituci\u00f3n ofrece igualdad de oportunidades.<\/p>\n<div class=\"page\" title=\"Page 1\">\n<div class=\"section\">\n<div class=\"layoutArea\">\n<div class=\"column\">\n<p>AfichecomplementarioalFormularioAD-475-A \/ RevisadoSeptiembre2024<\/p>\n<\/div>\n<\/div>\n<\/div>\n<\/div>\n","protected":false},"excerpt":{"rendered":"<p>USDA: United States Department of Agriculture And Justice for All \u00a0AND JUSTICE FOR ALL\u00a0 In accordance with Federal law and U.S. Department of Agriculture (USDA) civil rights regulations and policies, this institution is prohibited from discriminating on the basis of race, color, national origin, sex, age, disability, and reprisal or retaliation for prior civil rights [&hellip;]<\/p>\n","protected":false},"author":138,"featured_media":0,"parent":424,"menu_order":1,"comment_status":"closed","ping_status":"closed","template":"templates\/page-withsidebar.php","meta":{"_kad_blocks_custom_css":"","_kad_blocks_head_custom_js":"","_kad_blocks_body_custom_js":"","_kad_blocks_footer_custom_js":"","_monsterinsights_skip_tracking":false,"_monsterinsights_sitenote_active":false,"_monsterinsights_sitenote_note":"","_monsterinsights_sitenote_category":0,"footnotes":""},"class_list":["post-6114","page","type-page","status-publish","hentry"],"taxonomy_info":[],"featured_image_src_large":false,"author_info":{"display_name":"Amanda Miles","author_link":"https:\/\/extension.umaine.edu\/plugged-in\/author\/amiles\/"},"comment_info":0,"_links":{"self":[{"href":"https:\/\/extension.umaine.edu\/plugged-in\/wp-json\/wp\/v2\/pages\/6114","targetHints":{"allow":["GET"]}}],"collection":[{"href":"https:\/\/extension.umaine.edu\/plugged-in\/wp-json\/wp\/v2\/pages"}],"about":[{"href":"https:\/\/extension.umaine.edu\/plugged-in\/wp-json\/wp\/v2\/types\/page"}],"author":[{"embeddable":true,"href":"https:\/\/extension.umaine.edu\/plugged-in\/wp-json\/wp\/v2\/users\/138"}],"replies":[{"embeddable":true,"href":"https:\/\/extension.umaine.edu\/plugged-in\/wp-json\/wp\/v2\/comments?post=6114"}],"version-history":[{"count":8,"href":"https:\/\/extension.umaine.edu\/plugged-in\/wp-json\/wp\/v2\/pages\/6114\/revisions"}],"predecessor-version":[{"id":19619,"href":"https:\/\/extension.umaine.edu\/plugged-in\/wp-json\/wp\/v2\/pages\/6114\/revisions\/19619"}],"up":[{"embeddable":true,"href":"https:\/\/extension.umaine.edu\/plugged-in\/wp-json\/wp\/v2\/pages\/424"}],"wp:attachment":[{"href":"https:\/\/extension.umaine.edu\/plugged-in\/wp-json\/wp\/v2\/media?parent=6114"}],"curies":[{"name":"wp","href":"https:\/\/api.w.org\/{rel}","templated":true}]}}